{"id":51,"date":"2017-06-07T13:09:19","date_gmt":"2017-06-07T13:09:19","guid":{"rendered":"http:\/\/www.nt2.es\/?page_id=51"},"modified":"2017-11-07T10:34:34","modified_gmt":"2017-11-07T08:34:34","slug":"que-es-la-red-nt2","status":"publish","type":"page","link":"https:\/\/www.nt2.es\/es\/que-es-la-red-nt2\/","title":{"rendered":"Qu\u00e9 es la red Nt2"},"content":{"rendered":"<p>[et_pb_section bb_built=\u00bb1&#8243; admin_label=\u00bbsection\u00bb _builder_version=\u00bb3.0.50&#8243; custom_padding=\u00bb||0px|\u00bb][et_pb_row admin_label=\u00bbrow\u00bb background_position=\u00bbtop_left\u00bb background_repeat=\u00bbrepeat\u00bb background_size=\u00bbinitial\u00bb _builder_version=\u00bb3.0.50&#8243; background_position_1=\u00bbtop_left\u00bb background_repeat_1=\u00bbno-repeat\u00bb custom_margin=\u00bb0px||0px|\u00bb custom_padding=\u00bb0px||0px|\u00bb][et_pb_column type=\u00bb4_4&#8243;][et_pb_text admin_label=\u00bbQu\u00e9 es la red NT2&#8243; _builder_version=\u00bb3.0.50&#8243; background_layout=\u00bblight\u00bb text_orientation=\u00bbleft\u00bb border_style=\u00bbsolid\u00bb module_alignment=\u00bbleft\u00bb]<\/p>\n<h1>Qu\u00e9 es la Red NT2<\/h1>\n<p>[\/et_pb_text][\/et_pb_column][\/et_pb_row][\/et_pb_section][et_pb_section bb_built=\u00bb1&#8243; admin_label=\u00bbsection\u00bb fullwidth=\u00bboff\u00bb specialty=\u00bbon\u00bb _builder_version=\u00bb3.0.50&#8243; background_position_1=\u00bbtop_left\u00bb background_repeat_1=\u00bbno-repeat\u00bb background_position_2=\u00bbtop_left\u00bb background_repeat_2=\u00bbno-repeat\u00bb custom_padding=\u00bb0px|||\u00bb][et_pb_column type=\u00bb2_3&#8243; specialty_columns=\u00bb2&#8243;][et_pb_row_inner admin_label=\u00bbFila\u00bb][et_pb_column_inner type=\u00bb4_4&#8243; saved_specialty_column_type=\u00bb2_3&#8243;][et_pb_text admin_label=\u00bbTexto\u00bb _builder_version=\u00bb3.0.50&#8243; background_layout=\u00bblight\u00bb text_orientation=\u00bbleft\u00bb border_style=\u00bbsolid\u00bb module_alignment=\u00bbleft\u00bb]<\/p>\n<p class=\"intro\"><strong>NT2<\/strong> es una red de talleres de extendida por Euskadi y Navarra, nacida en el a\u00f1o 2014 bajo el amparo de <strong>Neum\u00e1ticos Txepetxa<\/strong> S.A. y cuyo\u00a0 objetivo es llegar a ser la mayor y mejor red de talleres de <strong>Euskadi<\/strong> y <strong>Navarra<\/strong>, buscando tener un asociado en cada una de nuestras localidades y \u00a0con ello dar una cobertura total en nuestra zona.<\/p>\n<p>Una vez logrado este objetivo, nuestra idea es seguir creciendo en las provincias lim\u00edtrofes y as\u00ed consolidarnos como el mayor grupo del norte de Espa\u00f1a con el que ofrecer a nuestros clientes un servicio de la m\u00e1xima calidad, amparados por la profesionalidad de nuestros asociados y la calidad de los productos con los que trabajamos.<\/p>\n<p>[\/et_pb_text][\/et_pb_column_inner][\/et_pb_row_inner][et_pb_row_inner admin_label=\u00bbFila\u00bb _builder_version=\u00bb3.0.50&#8243; background_position_1=\u00bbtop_left\u00bb background_repeat_1=\u00bbno-repeat\u00bb background_position_2=\u00bbtop_left\u00bb background_repeat_2=\u00bbno-repeat\u00bb custom_margin=\u00bb0px|||\u00bb custom_padding=\u00bb0px|||\u00bb][et_pb_column_inner type=\u00bb1_2&#8243; saved_specialty_column_type=\u00bb2_3&#8243;][et_pb_image admin_label=\u00bbBanner Txepetxa\u00bb _builder_version=\u00bb3.0.50&#8243; src=\u00bbhttps:\/\/www.nt2.es\/wp-content\/uploads\/2017\/06\/txepetxa.jpg\u00bb show_in_lightbox=\u00bboff\u00bb url_new_window=\u00bboff\u00bb use_overlay=\u00bboff\u00bb sticky=\u00bboff\u00bb align=\u00bbleft\u00bb always_center_on_mobile=\u00bbon\u00bb border_style=\u00bbsolid\u00bb force_fullwidth=\u00bboff\u00bb animation=\u00bboff\u00bb \/][et_pb_text admin_label=\u00bbBanner profesionales\u00bb _builder_version=\u00bb3.0.50&#8243; background_layout=\u00bblight\u00bb border_style=\u00bbsolid\u00bb module_alignment=\u00bbleft\u00bb background_color=\u00bb#d9779e\u00bb saved_tabs=\u00bball\u00bb text_orientation=\u00bbleft\u00bb global_module=\u00bb391&#8243;]<\/p>\n<div class=\"profesional\">\n<p class=\"banner-profesional\">\u00bferes un profesional y quieres asociarte a la mejor red de servicio de la zona norte?<\/p>\n<p class=\"banner-condiciones\">Tenemos las mejores condiciones<\/p>\n<p><a class=\"banner-boton\" href=\"https:\/\/www.nt2.es\/es\/si-eres-profesional\/\">QUIERO INFORMACI\u00d3N<\/a><\/p>\n<\/div>\n<p>[\/et_pb_text][\/et_pb_column_inner][et_pb_column_inner type=\u00bb1_2&#8243; saved_specialty_column_type=\u00bb2_3&#8243;][et_pb_text admin_label=\u00bbTexto\u00bb _builder_version=\u00bb3.0.50&#8243; background_layout=\u00bblight\u00bb text_orientation=\u00bbleft\u00bb border_style=\u00bbsolid\u00bb module_alignment=\u00bbleft\u00bb]<\/p>\n<p><strong>NT2<\/strong>, est\u00e1 formada por un amplio equipo de profesionales con gran experiencia, pr\u00f3ximos a tu vivienda y lugar de trabajo y cuyo principal objetivo es la satisfacci\u00f3n de nuestros clientes.<\/p>\n<p>Nuestra amplia experiencia como especialistas del neum\u00e1tico y del mantenimiento del autom\u00f3vil nos ha ense\u00f1ado que cuando se trata de seguridad debemos trabajar con las mejores marcas.<\/p>\n<p>Instalamos a nuestros clientes los neum\u00e1ticos y las piezas de mec\u00e1nica y electricidad que utilizan en sus veh\u00edculos los principales fabricantes de autom\u00f3viles.<\/p>\n<p>Este conjunto de calidad de los materiales y de profesionalidad de nuestros mec\u00e1nicos nos impulsan a creer en este proyecto y tener la seguridad de que ser\u00e1 un referente en muy poco tiempo.<\/p>\n<p>[\/et_pb_text][\/et_pb_column_inner][\/et_pb_row_inner][\/et_pb_column][et_pb_column type=\u00bb1_3&#8243;][et_pb_code admin_label=\u00bbBuscador de neum\u00e1ticos\u00bb _builder_version=\u00bb3.0.50&#8243; saved_tabs=\u00bball\u00bb global_module=\u00bb136&#8243;] &lt;style&gt;iframe{width:100%}&lt;\/style&gt;&lt;!&#8211; [et_pb_line_break_holder] &#8211;&gt;&lt;iframe id=\u00bbbuscador\u00bb src=\u00bbhttps:\/\/shop.nt2.es\/index.php\/es\/buscador\u00bb width=\u00bb100%\u00bb height=\u00bb220px\u00bb&gt;&lt;\/iframe&gt;&lt;!&#8211; [et_pb_line_break_holder] &#8211;&gt;&lt;script&gt;iFrameResize({log:true}, &#8216;#buscador&#8217;)&lt;\/script&gt;&lt;!&#8211; [et_pb_line_break_holder] &#8211;&gt;&lt;!&#8211; [et_pb_line_break_holder] &#8211;&gt; [\/et_pb_code][\/et_pb_column][\/et_pb_section][et_pb_section bb_built=\u00bb1&#8243; admin_label=\u00bbsection\u00bb _builder_version=\u00bb3.0.50&#8243; custom_padding=\u00bb30px|0px|0px|0px\u00bb module_class=\u00bbbloque-mapa\u00bb][et_pb_row admin_label=\u00bbrow\u00bb background_position=\u00bbtop_left\u00bb background_repeat=\u00bbrepeat\u00bb background_size=\u00bbinitial\u00bb _builder_version=\u00bb3.0.50&#8243; background_position_1=\u00bbtop_left\u00bb background_repeat_1=\u00bbno-repeat\u00bb make_fullwidth=\u00bbon\u00bb module_id=\u00bbcontenedor-mapa\u00bb custom_margin=\u00bb0px||0px|\u00bb custom_padding=\u00bb0px||0px|\u00bb][et_pb_column type=\u00bb4_4&#8243;][et_pb_code admin_label=\u00bbMapa\u00bb _builder_version=\u00bb3.0.50&#8243; saved_tabs=\u00bball\u00bb global_module=\u00bb389&#8243;][gd_listing_map width=100% height=675 category=\u00bb16&#8243; zoom=9][\/et_pb_code][\/et_pb_column][\/et_pb_row][\/et_pb_section]<\/p>\n","protected":false},"excerpt":{"rendered":"<p>Qu\u00e9 es la Red NT2 NT2 es una red de talleres de extendida por Euskadi y Navarra, nacida en el a\u00f1o 2014 bajo el amparo de Neum\u00e1ticos Txepetxa S.A. y cuyo\u00a0 objetivo es llegar a ser la mayor y mejor red de talleres de Euskadi y Navarra, buscando tener un asociado en cada una de [&hellip;]<\/p>\n","protected":false},"author":1,"featured_media":0,"parent":0,"menu_order":4,"comment_status":"closed","ping_status":"closed","template":"","meta":{"_et_pb_use_builder":"on","_et_pb_old_content":"","_et_gb_content_width":"","footnotes":""},"yoast_head":"<!-- This site is optimized with the Yoast SEO plugin v21.4 - https:\/\/yoast.com\/wordpress\/plugins\/seo\/ -->\n<title>Qu\u00e9 es la red Nt2 - RED NT2<\/title>\n<meta name=\"robots\" content=\"index, follow, max-snippet:-1, max-image-preview:large, max-video-preview:-1\" \/>\n<link rel=\"canonical\" href=\"https:\/\/www.nt2.es\/es\/que-es-la-red-nt2\/\" \/>\n<meta property=\"og:locale\" content=\"es_ES\" \/>\n<meta property=\"og:type\" content=\"article\" \/>\n<meta property=\"og:title\" content=\"Qu\u00e9 es la red Nt2 - RED NT2\" \/>\n<meta property=\"og:description\" content=\"Qu\u00e9 es la Red NT2 NT2 es una red de talleres de extendida por Euskadi y Navarra, nacida en el a\u00f1o 2014 bajo el amparo de Neum\u00e1ticos Txepetxa S.A. y cuyo\u00a0 objetivo es llegar a ser la mayor y mejor red de talleres de Euskadi y Navarra, buscando tener un asociado en cada una de [&hellip;]\" \/>\n<meta property=\"og:url\" content=\"https:\/\/www.nt2.es\/es\/que-es-la-red-nt2\/\" \/>\n<meta property=\"og:site_name\" content=\"RED NT2\" \/>\n<meta property=\"article:modified_time\" content=\"2017-11-07T08:34:34+00:00\" \/>\n<meta name=\"twitter:card\" content=\"summary_large_image\" \/>\n<meta name=\"twitter:label1\" content=\"Tiempo de lectura\" \/>\n\t<meta name=\"twitter:data1\" content=\"4 minutos\" \/>\n<script type=\"application\/ld+json\" class=\"yoast-schema-graph\">{\"@context\":\"https:\/\/schema.org\",\"@graph\":[{\"@type\":\"WebPage\",\"@id\":\"https:\/\/www.nt2.es\/es\/que-es-la-red-nt2\/\",\"url\":\"https:\/\/www.nt2.es\/es\/que-es-la-red-nt2\/\",\"name\":\"Qu\u00e9 es la red Nt2 - RED NT2\",\"isPartOf\":{\"@id\":\"https:\/\/www.nt2.es\/es\/#website\"},\"datePublished\":\"2017-06-07T13:09:19+00:00\",\"dateModified\":\"2017-11-07T08:34:34+00:00\",\"breadcrumb\":{\"@id\":\"https:\/\/www.nt2.es\/es\/que-es-la-red-nt2\/#breadcrumb\"},\"inLanguage\":\"es\",\"potentialAction\":[{\"@type\":\"ReadAction\",\"target\":[\"https:\/\/www.nt2.es\/es\/que-es-la-red-nt2\/\"]}]},{\"@type\":\"BreadcrumbList\",\"@id\":\"https:\/\/www.nt2.es\/es\/que-es-la-red-nt2\/#breadcrumb\",\"itemListElement\":[{\"@type\":\"ListItem\",\"position\":1,\"name\":\"Portada\",\"item\":\"https:\/\/www.nt2.es\/es\/\"},{\"@type\":\"ListItem\",\"position\":2,\"name\":\"Qu\u00e9 es la red Nt2\"}]},{\"@type\":\"WebSite\",\"@id\":\"https:\/\/www.nt2.es\/es\/#website\",\"url\":\"https:\/\/www.nt2.es\/es\/\",\"name\":\"RED NT2\",\"description\":\"NEUM\u00c1TICOS Y MANTENIMIENTO DEL AUTOM\u00d3VIL\",\"potentialAction\":[{\"@type\":\"SearchAction\",\"target\":{\"@type\":\"EntryPoint\",\"urlTemplate\":\"https:\/\/www.nt2.es\/es\/?s={search_term_string}\"},\"query-input\":\"required name=search_term_string\"}],\"inLanguage\":\"es\"}]}<\/script>\n<!-- \/ Yoast SEO plugin. -->","yoast_head_json":{"title":"Qu\u00e9 es la red Nt2 - RED NT2","robots":{"index":"index","follow":"follow","max-snippet":"max-snippet:-1","max-image-preview":"max-image-preview:large","max-video-preview":"max-video-preview:-1"},"canonical":"https:\/\/www.nt2.es\/es\/que-es-la-red-nt2\/","og_locale":"es_ES","og_type":"article","og_title":"Qu\u00e9 es la red Nt2 - RED NT2","og_description":"Qu\u00e9 es la Red NT2 NT2 es una red de talleres de extendida por Euskadi y Navarra, nacida en el a\u00f1o 2014 bajo el amparo de Neum\u00e1ticos Txepetxa S.A. y cuyo\u00a0 objetivo es llegar a ser la mayor y mejor red de talleres de Euskadi y Navarra, buscando tener un asociado en cada una de [&hellip;]","og_url":"https:\/\/www.nt2.es\/es\/que-es-la-red-nt2\/","og_site_name":"RED NT2","article_modified_time":"2017-11-07T08:34:34+00:00","twitter_card":"summary_large_image","twitter_misc":{"Tiempo de lectura":"4 minutos"},"schema":{"@context":"https:\/\/schema.org","@graph":[{"@type":"WebPage","@id":"https:\/\/www.nt2.es\/es\/que-es-la-red-nt2\/","url":"https:\/\/www.nt2.es\/es\/que-es-la-red-nt2\/","name":"Qu\u00e9 es la red Nt2 - RED NT2","isPartOf":{"@id":"https:\/\/www.nt2.es\/es\/#website"},"datePublished":"2017-06-07T13:09:19+00:00","dateModified":"2017-11-07T08:34:34+00:00","breadcrumb":{"@id":"https:\/\/www.nt2.es\/es\/que-es-la-red-nt2\/#breadcrumb"},"inLanguage":"es","potentialAction":[{"@type":"ReadAction","target":["https:\/\/www.nt2.es\/es\/que-es-la-red-nt2\/"]}]},{"@type":"BreadcrumbList","@id":"https:\/\/www.nt2.es\/es\/que-es-la-red-nt2\/#breadcrumb","itemListElement":[{"@type":"ListItem","position":1,"name":"Portada","item":"https:\/\/www.nt2.es\/es\/"},{"@type":"ListItem","position":2,"name":"Qu\u00e9 es la red Nt2"}]},{"@type":"WebSite","@id":"https:\/\/www.nt2.es\/es\/#website","url":"https:\/\/www.nt2.es\/es\/","name":"RED NT2","description":"NEUM\u00c1TICOS Y MANTENIMIENTO DEL AUTOM\u00d3VIL","potentialAction":[{"@type":"SearchAction","target":{"@type":"EntryPoint","urlTemplate":"https:\/\/www.nt2.es\/es\/?s={search_term_string}"},"query-input":"required name=search_term_string"}],"inLanguage":"es"}]}},"_links":{"self":[{"href":"https:\/\/www.nt2.es\/es\/wp-json\/wp\/v2\/pages\/51"}],"collection":[{"href":"https:\/\/www.nt2.es\/es\/wp-json\/wp\/v2\/pages"}],"about":[{"href":"https:\/\/www.nt2.es\/es\/wp-json\/wp\/v2\/types\/page"}],"author":[{"embeddable":true,"href":"https:\/\/www.nt2.es\/es\/wp-json\/wp\/v2\/users\/1"}],"replies":[{"embeddable":true,"href":"https:\/\/www.nt2.es\/es\/wp-json\/wp\/v2\/comments?post=51"}],"version-history":[{"count":0,"href":"https:\/\/www.nt2.es\/es\/wp-json\/wp\/v2\/pages\/51\/revisions"}],"wp:attachment":[{"href":"https:\/\/www.nt2.es\/es\/wp-json\/wp\/v2\/media?parent=51"}],"curies":[{"name":"wp","href":"https:\/\/api.w.org\/{rel}","templated":true}]}}