{"id":52,"date":"2017-06-07T13:09:39","date_gmt":"2017-06-07T13:09:39","guid":{"rendered":"http:\/\/www.nt2.es\/?page_id=52"},"modified":"2023-10-30T11:21:25","modified_gmt":"2023-10-30T09:21:25","slug":"si-eres-profesional","status":"publish","type":"page","link":"https:\/\/www.nt2.es\/es\/si-eres-profesional\/","title":{"rendered":"Si eres profesional"},"content":{"rendered":"<p>[et_pb_section fb_built=\u00bb1&#8243; admin_label=\u00bbsection\u00bb _builder_version=\u00bb4.16&#8243; global_colors_info=\u00bb{}\u00bb][et_pb_row admin_label=\u00bbrow\u00bb _builder_version=\u00bb4.16&#8243; background_size=\u00bbinitial\u00bb background_position=\u00bbtop_left\u00bb background_repeat=\u00bbrepeat\u00bb custom_margin=\u00bb0px||0px|\u00bb custom_padding=\u00bb0px||0px|\u00bb global_colors_info=\u00bb{}\u00bb][et_pb_column type=\u00bb4_4&#8243; _builder_version=\u00bb4.16&#8243; background_position=\u00bbtop_left\u00bb custom_padding=\u00bb|||\u00bb global_colors_info=\u00bb{}\u00bb custom_padding__hover=\u00bb|||\u00bb][et_pb_text admin_label=\u00bbPor qu\u00e9 asociarse a NT2&#8243; _builder_version=\u00bb4.16&#8243; module_alignment=\u00bbleft\u00bb border_style=\u00bbsolid\u00bb global_colors_info=\u00bb{}\u00bb]<\/p>\n<h1>Por qu\u00e9 asociarse a NT2<\/h1>\n<p>[\/et_pb_text][\/et_pb_column][\/et_pb_row][et_pb_row column_structure=\u00bb2_3,1_3&#8243; admin_label=\u00bbrow\u00bb _builder_version=\u00bb4.16&#8243; background_size=\u00bbinitial\u00bb background_position=\u00bbtop_left\u00bb background_repeat=\u00bbrepeat\u00bb global_colors_info=\u00bb{}\u00bb][et_pb_column type=\u00bb2_3&#8243; _builder_version=\u00bb4.16&#8243; custom_padding=\u00bb|||\u00bb global_colors_info=\u00bb{}\u00bb custom_padding__hover=\u00bb|||\u00bb][et_pb_text admin_label=\u00bbTexto\u00bb module_class=\u00bbtexto-profesional\u00bb _builder_version=\u00bb4.16&#8243; module_alignment=\u00bbleft\u00bb border_style=\u00bbsolid\u00bb global_colors_info=\u00bb{}\u00bb]<strong>NT2<\/strong> ofrece a sus asociados las armas necesarias para poder desarrollar su negocio con las ventajas que te aporta un gran grupo.<\/p>\n<h3>LOS MEJORES PRECIOS<\/h3>\n<p>En esta coyuntura tan competitiva es imprescindible comprar bien y nuestra uni\u00f3n nos garantiza conseguir las mejores condiciones en:<\/p>\n<ul class=\"nt-list\">\n<li>NEUM\u00c1TICOS<\/li>\n<li>LUBRICANTES<\/li>\n<li>PIEZAS DE MEC\u00c1NICA Y ELECTRICIDAD<\/li>\n<li>RECAMBIO ORIGINAL<\/li>\n<\/ul>\n<p>Con <strong>NT2<\/strong> no tendr\u00e1s que perder tu tiempo en buscar donde comprar el producto de m\u00e1xima calidad al mejor precio, podr\u00e1s dedicar todas tus energ\u00edas en trabajar y mimar a tus clientes.<\/p>\n<h3>+ TIEMPO<\/h3>\n<p><strong>A trav\u00e9s de la web <a href=\"http:\/\/www.nt2.com\">www.nt2.com<\/a> estar\u00e1s presente en internet<\/strong> y los usuarios de la red te podr\u00e1n comprar neum\u00e1ticos as\u00ed como coger cita para el montaje de los neum\u00e1ticos, reparaci\u00f3n de sus veh\u00edculos o darles informaci\u00f3n de tu negocio.<\/p>\n<h3>VENTAS POR INTERNET<\/h3>\n<p><strong>T\u00fa vender\u00e1s, montar\u00e1s y cobrar\u00e1s los neum\u00e1ticos<\/strong> que los clientes de tu zona compren a trav\u00e9s de la web, nosotros nos encargaremos de gestionar los contactos que se produzcan y de poner en tu casa los neum\u00e1ticos.<\/p>\n<h3>NUEVOS CLIENTES<\/h3>\n<p>Adem\u00e1s te ofrecemos<\/p>\n<ul class=\"nt-list\">\n<li>IMAGEN PROPIA<\/li>\n<li>CAMPA\u00d1AS PERI\u00d3DICAS<\/li>\n<li>EXCLUSIVIDAD DE ZONA<\/li>\n<li>VENTA DE VEH\u00cdCULOS DE OCASION<\/li>\n<\/ul>\n<p>Si todo esto te parece interesante <strong>ponte en contacto con nosotros<\/strong> y pasaremos por tus instalaciones a explicarte a fondo nuestro proyecto<br \/>\n[\/et_pb_text][\/et_pb_column][et_pb_column type=\u00bb1_3&#8243; _builder_version=\u00bb4.16&#8243; custom_padding=\u00bb|||\u00bb global_colors_info=\u00bb{}\u00bb custom_padding__hover=\u00bb|||\u00bb][et_pb_code admin_label=\u00bbBuscador de neum\u00e1ticos\u00bb _builder_version=\u00bb3.0.50&#8243; global_module=\u00bb136&#8243; saved_tabs=\u00bball\u00bb global_colors_info=\u00bb{}\u00bb]<\/p>\n<style>iframe{width:100%}<\/style>\n<p><!-- [et_pb_line_break_holder] --><iframe loading=\"lazy\" id=\"buscador\" src=\"https:\/\/shop.nt2.es\/index.php\/es\/buscador\" width=\"100%\" height=\"220px\"><\/iframe><!-- [et_pb_line_break_holder] --><script>iFrameResize({log:true}, '#buscador')<\/script><!-- [et_pb_line_break_holder] --><!-- [et_pb_line_break_holder] -->[\/et_pb_code][\/et_pb_column][\/et_pb_row][\/et_pb_section][et_pb_section fb_built=\u00bb1&#8243; admin_label=\u00bbsection\u00bb module_class=\u00bbbloque-mapa\u00bb _builder_version=\u00bb4.16&#8243; custom_padding=\u00bb30px|0px|0px|0px\u00bb global_colors_info=\u00bb{}\u00bb][et_pb_row admin_label=\u00bbrow\u00bb module_id=\u00bbcontenedor-mapa\u00bb module_class=\u00bb et_pb_row_fullwidth\u00bb _builder_version=\u00bb4.16&#8243; background_size=\u00bbinitial\u00bb background_position=\u00bbtop_left\u00bb background_repeat=\u00bbrepeat\u00bb width=\u00bb94%\u00bb width_tablet=\u00bb80%\u00bb width_phone=\u00bb80%\u00bb width_last_edited=\u00bbon|desktop\u00bb max_width=\u00bb94%\u00bb max_width_tablet=\u00bb80%\u00bb max_width_phone=\u00bb80%\u00bb max_width_last_edited=\u00bbon|desktop\u00bb custom_margin=\u00bb0px||0px|\u00bb custom_padding=\u00bb0px||0px|\u00bb make_fullwidth=\u00bbon\u00bb global_colors_info=\u00bb{}\u00bb][et_pb_column type=\u00bb4_4&#8243; _builder_version=\u00bb4.16&#8243; background_position=\u00bbtop_left\u00bb custom_padding=\u00bb|||\u00bb global_colors_info=\u00bb{}\u00bb custom_padding__hover=\u00bb|||\u00bb][et_pb_code admin_label=\u00bbMapa\u00bb _builder_version=\u00bb4.23&#8243; hover_enabled=\u00bb0&#8243; global_module=\u00bb389&#8243; saved_tabs=\u00bball\u00bb global_colors_info=\u00bb{}\u00bb sticky_enabled=\u00bb0&#8243;]<div class=\"geodir-wgt-map bsui sdel-181a9e74\" ><!--START geodir-map-wrap-->\n<div class=\"geodir-map-wrap geodir-directory-map-wrap 100  overflow-hidden\">\n\t<div id=\"catcher_gd_map_canvas_directory\"><\/div>\n\t<!--START stick_trigger_container-->\n\t<div class=\"stick_trigger_container bsui\">\n\t\t<div class=\"trigger_sticky triggeroff_sticky mt-n5 btn btn-secondary mr-n2 me-n2 c-pointer\" style=\"display: none;\">\n\t\t\t<i class=\"fas fa-map-marked-alt\"><\/i>\n\t\t\t<i class=\"fas fa-angle-right\"><\/i>\n\t\t<\/div>\n\t\t<!--end of stick trigger container-->\n\t\t<div class=\"geodir_map_container gd_map_canvas_directory bsui position-relative mw-100\"\n\t\t     id=\"sticky_map_gd_map_canvas_directory\"\n\t\t     style=\"width:100%;min-height:425px;\">\n\t\t\t<!--END map_background-->\n\t\t\t<div class=\"map_background\">\n\t\t\t\t<div class=\"top_banner_section_in clearfix\">\n\t\t\t\t\t<div class=\"gd_map_canvas_directory_TopLeft TopLeft position-absolute bg-white text-muted rounded-sm rounded-1 shadow-sm m-2 px-1 py-1 h5 c-pointer\" style=\"z-index: 3;\">\n\t\t\t\t\t\t<span class=\"triggermap\" id=\"gd_map_canvas_directory_triggermap\">\n\t\t\t\t\t\t\t<i class=\"fas fa-expand-arrows-alt fa-fw\" aria-hidden=\"true\"><\/i>\n\t\t\t\t\t\t\t<i class=\"fas fa-compress-arrows-alt fa-fw d-none\" aria-hidden=\"true\"><\/i>\n\t\t\t\t\t\t<\/span>\n\t\t\t\t\t<\/div>\n\t\t\t\t\t<div class=\"gd_map_canvas_directory_TopRight TopRight\"><\/div>\n\t\t\t\t\t<div id=\"gd_map_canvas_directory_wrapper\" class=\"main_map_wrapper\" style=\"height:425px;width:100%;\">\n\t\t\t\t\t\t<div class=\"iprelative position-relative\">\n\t\t\t\t\t\t\t<div id=\"gd_map_canvas_directory\" class=\"geodir-map-canvas\" data-map-type=\"directory\" data-map-canvas=\"gd_map_canvas_directory\" style=\"height:425px;width:100%;z-index: 0;\" ><\/div>\n\t\t\t\t\t\t\t<div id=\"gd_map_canvas_directory_loading_div\" class=\"loading_div overlay overlay-black position-absolute row m-0\" style=\"height:425px;width:100%;top:0;z-index: 2;\">\n\t\t\t\t\t\t\t\t<div class=\"spinner-border mx-auto align-self-center text-white\" role=\"status\">\n\t\t\t\t\t\t\t\t\t<span class=\"sr-only visually-hidden\">Cargando\u2026<\/span>\n\t\t\t\t\t\t\t\t<\/div>\n\t\t\t\t\t\t\t<\/div>\n\t\t\t\t\t\t\t<div id=\"gd_map_canvas_directory_map_nofound\"\n\t\t\t\t\t\t\t     class=\"advmap_nofound position-absolute row m-0 z-index-1\"\n\t\t\t\t\t\t\t     style=\"display:none;transform: translate(-50%, -50%);top:50%;left:50%;opacity: .85;pointer-events: none;\">\n\t\t\t\t\t\t\t\t<div class=\"alert alert-info text-center mx-auto align-self-center shadow-lg mb-0\">\n\t\t\t\t\t\t\t\t\t<div class='h3 alert-heading'> No se encontraron registros <\/div><p> Lo sentimos, no se encontraron registros. Ajusta tus criterios de b\u00fasqueda y vuelve a intentarlo.<\/p>\t\t\t\t\t\t\t\t<\/div>\n\t\t\t\t\t\t\t<\/div>\n\t\t\t\t\t\t\t<div id=\"gd_map_canvas_directory_map_notloaded\"\n\t\t\t\t\t\t\t     class=\"advmap_notloaded position-absolute row m-0 z-index-1\"\n\t\t\t\t\t\t\t     style=\"display:none;transform: translate(-50%, -50%);top:50%;left:50%;opacity: .85;pointer-events: none;\">\n\t\t\t\t\t\t\t\t<div class=\"alert alert-danger text-center mx-auto align-self-center shadow-lg mb-0\">\n\t\t\t\t\t\t\t\t\t<div class='h3 alert-heading'> no se ha podido cargar el mapa <\/div><p> Lo sentimos, no se ha podido cargar la API de Mapas.<\/p>\t\t\t\t\t\t\t\t<\/div>\n\t\t\t\t\t\t\t<\/div>\n\t\t\t\t\t\t<\/div>\n\t\t\t\t\t<\/div>\n\t\t\t\t\t<div class=\"gd_map_canvas_directory_BottomLeft BottomLeft\"><\/div>\n\t\t\t\t<\/div>\n\t\t\t<\/div><!--END map_background-->\n\t\t\t\t\t<\/div>\n\t\t<style>.geodir_map_container .poi-info-window .full-width{width:180px;position:relative;margin-left:inherit;left:inherit;}<\/style>\n<script type=\"text\/javascript\">\nwindow.gdBaseLat = 0;\nwindow.gdBaseLng = 0;\nwindow.gdBaseZoom = 0;\njQuery(function ($) {\n\t\t\t\t\tvar gdMapCanvas = 'gd_map_canvas_directory';\n\t\t\tbuild_map_ajax_search_param(gdMapCanvas, false);\t\t\t\t\t\t\t\t\t\t\t\tvar screenH, heightVH, ptypeH = 0;\n\t\t\tscreenH = $(window).height();\n\t\t\theightVH = parseFloat('425');\n\t\t\tif ($(\"#\" + gdMapCanvas + \"_posttype_menu\").length) {\n\t\t\t\tptypeH = $(\"#\" + gdMapCanvas + \"_posttype_menu\").outerHeight();\n\t\t\t}\n\t\t\t$(\"#\" + gdMapCanvas + \"_cat\").css(\"max-height\", heightVH - ptypeH + 'px');\n\t\t\t});\n<\/script>\n\t\t\t<\/div><!--END stick_trigger_container-->\n<\/div><!--END geodir-map-wrap-->\n<style>body.stickymap_hide .stickymap{display:none!important}body.stickymap_hide .stick_trigger_container .fa-angle-right{transform:rotate(180deg)}body.body_fullscreen>.stick_trigger_container{width:100vw;height:100vh;position:fixed;z-index:50000}body.gd-google-maps .geodir-map-wrap .geodir-map-cat-filter-wrap{margin-bottom:14px!important}body.gd-osm-gmaps .geodir-map-wrap .geodir-map-cat-filter-wrap{margin-bottom:16.5px!important}<\/style>\n<\/div>[\/et_pb_code][\/et_pb_column][\/et_pb_row][\/et_pb_section]<\/p>\n","protected":false},"excerpt":{"rendered":"<p>Por qu\u00e9 asociarse a NT2 NT2 ofrece a sus asociados las armas necesarias para poder desarrollar su negocio con las ventajas que te aporta un gran grupo. LOS MEJORES PRECIOS En esta coyuntura tan competitiva es imprescindible comprar bien y nuestra uni\u00f3n nos garantiza conseguir las mejores condiciones en: NEUM\u00c1TICOS LUBRICANTES PIEZAS DE MEC\u00c1NICA Y [&hellip;]<\/p>\n","protected":false},"author":1,"featured_media":0,"parent":0,"menu_order":7,"comment_status":"closed","ping_status":"closed","template":"","meta":{"_et_pb_use_builder":"on","_et_pb_old_content":"","_et_gb_content_width":"","footnotes":""},"yoast_head":"<!-- This site is optimized with the Yoast SEO plugin v21.4 - https:\/\/yoast.com\/wordpress\/plugins\/seo\/ -->\n<title>Si eres profesional - RED NT2<\/title>\n<meta name=\"robots\" content=\"index, follow, max-snippet:-1, max-image-preview:large, max-video-preview:-1\" \/>\n<link rel=\"canonical\" href=\"https:\/\/www.nt2.es\/es\/si-eres-profesional\/\" \/>\n<meta property=\"og:locale\" content=\"es_ES\" \/>\n<meta property=\"og:type\" content=\"article\" \/>\n<meta property=\"og:title\" content=\"Si eres profesional - RED NT2\" \/>\n<meta property=\"og:description\" content=\"Por qu\u00e9 asociarse a NT2 NT2 ofrece a sus asociados las armas necesarias para poder desarrollar su negocio con las ventajas que te aporta un gran grupo. LOS MEJORES PRECIOS En esta coyuntura tan competitiva es imprescindible comprar bien y nuestra uni\u00f3n nos garantiza conseguir las mejores condiciones en: NEUM\u00c1TICOS LUBRICANTES PIEZAS DE MEC\u00c1NICA Y [&hellip;]\" \/>\n<meta property=\"og:url\" content=\"https:\/\/www.nt2.es\/es\/si-eres-profesional\/\" \/>\n<meta property=\"og:site_name\" content=\"RED NT2\" \/>\n<meta property=\"article:modified_time\" content=\"2023-10-30T09:21:25+00:00\" \/>\n<meta name=\"twitter:card\" content=\"summary_large_image\" \/>\n<meta name=\"twitter:label1\" content=\"Tiempo de lectura\" \/>\n\t<meta name=\"twitter:data1\" content=\"2 minutos\" \/>\n<script type=\"application\/ld+json\" class=\"yoast-schema-graph\">{\"@context\":\"https:\/\/schema.org\",\"@graph\":[{\"@type\":\"WebPage\",\"@id\":\"https:\/\/www.nt2.es\/es\/si-eres-profesional\/\",\"url\":\"https:\/\/www.nt2.es\/es\/si-eres-profesional\/\",\"name\":\"Si eres profesional - RED NT2\",\"isPartOf\":{\"@id\":\"https:\/\/www.nt2.es\/es\/#website\"},\"datePublished\":\"2017-06-07T13:09:39+00:00\",\"dateModified\":\"2023-10-30T09:21:25+00:00\",\"breadcrumb\":{\"@id\":\"https:\/\/www.nt2.es\/es\/si-eres-profesional\/#breadcrumb\"},\"inLanguage\":\"es\",\"potentialAction\":[{\"@type\":\"ReadAction\",\"target\":[\"https:\/\/www.nt2.es\/es\/si-eres-profesional\/\"]}]},{\"@type\":\"BreadcrumbList\",\"@id\":\"https:\/\/www.nt2.es\/es\/si-eres-profesional\/#breadcrumb\",\"itemListElement\":[{\"@type\":\"ListItem\",\"position\":1,\"name\":\"Portada\",\"item\":\"https:\/\/www.nt2.es\/es\/\"},{\"@type\":\"ListItem\",\"position\":2,\"name\":\"Si eres profesional\"}]},{\"@type\":\"WebSite\",\"@id\":\"https:\/\/www.nt2.es\/es\/#website\",\"url\":\"https:\/\/www.nt2.es\/es\/\",\"name\":\"RED NT2\",\"description\":\"NEUM\u00c1TICOS Y MANTENIMIENTO DEL AUTOM\u00d3VIL\",\"potentialAction\":[{\"@type\":\"SearchAction\",\"target\":{\"@type\":\"EntryPoint\",\"urlTemplate\":\"https:\/\/www.nt2.es\/es\/?s={search_term_string}\"},\"query-input\":\"required name=search_term_string\"}],\"inLanguage\":\"es\"}]}<\/script>\n<!-- \/ Yoast SEO plugin. -->","yoast_head_json":{"title":"Si eres profesional - RED NT2","robots":{"index":"index","follow":"follow","max-snippet":"max-snippet:-1","max-image-preview":"max-image-preview:large","max-video-preview":"max-video-preview:-1"},"canonical":"https:\/\/www.nt2.es\/es\/si-eres-profesional\/","og_locale":"es_ES","og_type":"article","og_title":"Si eres profesional - RED NT2","og_description":"Por qu\u00e9 asociarse a NT2 NT2 ofrece a sus asociados las armas necesarias para poder desarrollar su negocio con las ventajas que te aporta un gran grupo. LOS MEJORES PRECIOS En esta coyuntura tan competitiva es imprescindible comprar bien y nuestra uni\u00f3n nos garantiza conseguir las mejores condiciones en: NEUM\u00c1TICOS LUBRICANTES PIEZAS DE MEC\u00c1NICA Y [&hellip;]","og_url":"https:\/\/www.nt2.es\/es\/si-eres-profesional\/","og_site_name":"RED NT2","article_modified_time":"2023-10-30T09:21:25+00:00","twitter_card":"summary_large_image","twitter_misc":{"Tiempo de lectura":"2 minutos"},"schema":{"@context":"https:\/\/schema.org","@graph":[{"@type":"WebPage","@id":"https:\/\/www.nt2.es\/es\/si-eres-profesional\/","url":"https:\/\/www.nt2.es\/es\/si-eres-profesional\/","name":"Si eres profesional - RED NT2","isPartOf":{"@id":"https:\/\/www.nt2.es\/es\/#website"},"datePublished":"2017-06-07T13:09:39+00:00","dateModified":"2023-10-30T09:21:25+00:00","breadcrumb":{"@id":"https:\/\/www.nt2.es\/es\/si-eres-profesional\/#breadcrumb"},"inLanguage":"es","potentialAction":[{"@type":"ReadAction","target":["https:\/\/www.nt2.es\/es\/si-eres-profesional\/"]}]},{"@type":"BreadcrumbList","@id":"https:\/\/www.nt2.es\/es\/si-eres-profesional\/#breadcrumb","itemListElement":[{"@type":"ListItem","position":1,"name":"Portada","item":"https:\/\/www.nt2.es\/es\/"},{"@type":"ListItem","position":2,"name":"Si eres profesional"}]},{"@type":"WebSite","@id":"https:\/\/www.nt2.es\/es\/#website","url":"https:\/\/www.nt2.es\/es\/","name":"RED NT2","description":"NEUM\u00c1TICOS Y MANTENIMIENTO DEL AUTOM\u00d3VIL","potentialAction":[{"@type":"SearchAction","target":{"@type":"EntryPoint","urlTemplate":"https:\/\/www.nt2.es\/es\/?s={search_term_string}"},"query-input":"required name=search_term_string"}],"inLanguage":"es"}]}},"_links":{"self":[{"href":"https:\/\/www.nt2.es\/es\/wp-json\/wp\/v2\/pages\/52"}],"collection":[{"href":"https:\/\/www.nt2.es\/es\/wp-json\/wp\/v2\/pages"}],"about":[{"href":"https:\/\/www.nt2.es\/es\/wp-json\/wp\/v2\/types\/page"}],"author":[{"embeddable":true,"href":"https:\/\/www.nt2.es\/es\/wp-json\/wp\/v2\/users\/1"}],"replies":[{"embeddable":true,"href":"https:\/\/www.nt2.es\/es\/wp-json\/wp\/v2\/comments?post=52"}],"version-history":[{"count":0,"href":"https:\/\/www.nt2.es\/es\/wp-json\/wp\/v2\/pages\/52\/revisions"}],"wp:attachment":[{"href":"https:\/\/www.nt2.es\/es\/wp-json\/wp\/v2\/media?parent=52"}],"curies":[{"name":"wp","href":"https:\/\/api.w.org\/{rel}","templated":true}]}}