{"id":372,"date":"2017-10-23T11:27:14","date_gmt":"2017-10-23T09:27:14","guid":{"rendered":"http:\/\/www.nt2.es\/?page_id=372\/"},"modified":"2023-10-30T11:54:18","modified_gmt":"2023-10-30T09:54:18","slug":"professionnels","status":"publish","type":"page","link":"https:\/\/www.nt2.es\/fr\/professionnels\/","title":{"rendered":"Professionnels"},"content":{"rendered":"<p>[et_pb_section fb_built=\u00a0\u00bb1&Prime; admin_label=\u00a0\u00bbsection\u00a0\u00bb _builder_version=\u00a0\u00bb4.16&Prime; global_colors_info=\u00a0\u00bb{}\u00a0\u00bb][et_pb_row admin_label=\u00a0\u00bbrow\u00a0\u00bb _builder_version=\u00a0\u00bb4.16&Prime; background_size=\u00a0\u00bbinitial\u00a0\u00bb background_position=\u00a0\u00bbtop_left\u00a0\u00bb background_repeat=\u00a0\u00bbrepeat\u00a0\u00bb custom_margin=\u00a0\u00bb0px||0px|\u00a0\u00bb custom_padding=\u00a0\u00bb0px||0px|\u00a0\u00bb global_colors_info=\u00a0\u00bb{}\u00a0\u00bb][et_pb_column type=\u00a0\u00bb4_4&Prime; _builder_version=\u00a0\u00bb4.16&Prime; background_position=\u00a0\u00bbtop_left\u00a0\u00bb custom_padding=\u00a0\u00bb|||\u00a0\u00bb global_colors_info=\u00a0\u00bb{}\u00a0\u00bb custom_padding__hover=\u00a0\u00bb|||\u00a0\u00bb][et_pb_text admin_label=\u00a0\u00bbPor qu\u00e9 asociarse a NT2&Prime; _builder_version=\u00a0\u00bb4.16&Prime; module_alignment=\u00a0\u00bbleft\u00a0\u00bb border_style=\u00a0\u00bbsolid\u00a0\u00bb global_colors_info=\u00a0\u00bb{}\u00a0\u00bb]<\/p>\n<h1>Pour quoi s&rsquo;associer \u00e0 NT2<\/h1>\n<p>[\/et_pb_text][\/et_pb_column][\/et_pb_row][et_pb_row column_structure=\u00a0\u00bb2_3,1_3&Prime; admin_label=\u00a0\u00bbrow\u00a0\u00bb _builder_version=\u00a0\u00bb4.16&Prime; background_size=\u00a0\u00bbinitial\u00a0\u00bb background_position=\u00a0\u00bbtop_left\u00a0\u00bb background_repeat=\u00a0\u00bbrepeat\u00a0\u00bb global_colors_info=\u00a0\u00bb{}\u00a0\u00bb][et_pb_column type=\u00a0\u00bb2_3&Prime; _builder_version=\u00a0\u00bb4.16&Prime; custom_padding=\u00a0\u00bb|||\u00a0\u00bb global_colors_info=\u00a0\u00bb{}\u00a0\u00bb custom_padding__hover=\u00a0\u00bb|||\u00a0\u00bb][et_pb_text admin_label=\u00a0\u00bbTexto\u00a0\u00bb module_class=\u00a0\u00bbtexto-profesional\u00a0\u00bb _builder_version=\u00a0\u00bb4.16&Prime; module_alignment=\u00a0\u00bbleft\u00a0\u00bb border_style=\u00a0\u00bbsolid\u00a0\u00bb global_colors_info=\u00a0\u00bb{}\u00a0\u00bb]<strong>NT2<\/strong> offre \u00e0 ses associ\u00e9s les armes n\u00e9cessaires pour pouvoir d\u00e9v\u00e9lopper son entreprise avec les avantages d&rsquo;un gran groupe.<\/p>\n<h3>LES MEILLEURS PRIX<\/h3>\n<p>Dans cette situation si comp\u00e9titive, il est essentiel de bien acheter et notre union nous garantit d&rsquo;obtenir les meilleures conditions en:<\/p>\n<ul class=\"nt-list\">\n<li>PNEU<\/li>\n<li>LUBRIFIANTS<\/li>\n<li>PI\u00c8CES DE M\u00c9CANIQUE ET D&rsquo;\u00c9LECTRICIT\u00c9<\/li>\n<li>PI\u00c8CE DE RECHANGE D&rsquo;ORIGINE<\/li>\n<\/ul>\n<p>Avec <strong>NT2 <\/strong>vous ne devrez pas perdre votre temps \u00e0 rechercher o\u00f9 acheter le produit de la plus haute qualit\u00e9 au meilleur prix, vous pourrez d\u00e9dier toutes votre \u00e9nergie \u00e0 travailler et \u00e0 cajoler vos clients.<\/p>\n<h3>+ TEMPS<\/h3>\n<p>\u00c0 travers de le site Web www.nt2.com, vous serez pr\u00e9sents sur Internet et les utilisateurs du r\u00e9seau pourront vous acheter des pneus ainsi que prendre rendez-vous pour l&rsquo;assemblage des pneus, la r\u00e9paration de leurs v\u00e9hicules ou leur donner des informations sur votre entreprise.<\/p>\n<h3>VENTES PAR INTERNET<\/h3>\n<p><strong>C&rsquo;est qui vendrez, monterez et encaisserez les pneus<\/strong> que les clients de votre zone ach\u00e8teront \u00e0 travers du site Web. Nous, nous chargerons de g\u00e9rer les contacts qui se produiront et de vous fournir des pneus.<\/p>\n<h3>NOUVEAUX CLIENTS<\/h3>\n<p>Nous vous proposons \u00e9galement<\/p>\n<ul class=\"nt-list\">\n<li>IMAGE PROPRE<\/li>\n<li>CAMPAGNES PERIODIQUES<\/li>\n<li>EXCLUSIVIT\u00c9 DE LA ZONE<\/li>\n<li>VENTE DE VEHICULES D&rsquo;OCCASION<\/li>\n<\/ul>\n<p>Si tout cela vous int\u00e9resse, contactez-nous et nous passerons par vos installations pour expliquer en profodeur notre projet.<br \/>\n[\/et_pb_text][\/et_pb_column][et_pb_column type=\u00a0\u00bb1_3&Prime; _builder_version=\u00a0\u00bb4.16&Prime; custom_padding=\u00a0\u00bb|||\u00a0\u00bb global_colors_info=\u00a0\u00bb{}\u00a0\u00bb custom_padding__hover=\u00a0\u00bb|||\u00a0\u00bb][et_pb_code admin_label=\u00a0\u00bbBuscador de neum\u00e1ticos\u00a0\u00bb _builder_version=\u00a0\u00bb4.16&Prime; global_colors_info=\u00a0\u00bb{}\u00a0\u00bb]<\/p>\n<style>iframe{width:100%}<\/style>\n<p><!-- [et_pb_line_break_holder] --><iframe loading=\"lazy\" id=\"buscador\" src=\"https:\/\/www.nt2.es\/index.php\/fr\/chercheur\" width=\"100%\" height=\"220px\"><\/iframe><!-- [et_pb_line_break_holder] --><script>iFrameResize({log:true}, '#buscador')<\/script><!-- [et_pb_line_break_holder] --><!-- [et_pb_line_break_holder] -->[\/et_pb_code][\/et_pb_column][\/et_pb_row][et_pb_row admin_label=\u00a0\u00bbrow\u00a0\u00bb module_id=\u00a0\u00bbcontenedor-mapa\u00a0\u00bb module_class=\u00a0\u00bb et_pb_row_fullwidth\u00a0\u00bb _builder_version=\u00a0\u00bb4.16&Prime; background_size=\u00a0\u00bbinitial\u00a0\u00bb background_position=\u00a0\u00bbtop_left\u00a0\u00bb background_repeat=\u00a0\u00bbrepeat\u00a0\u00bb width=\u00a0\u00bb94%\u00a0\u00bb width_tablet=\u00a0\u00bb80%\u00a0\u00bb width_phone=\u00a0\u00bb80%\u00a0\u00bb width_last_edited=\u00a0\u00bbon|desktop\u00a0\u00bb max_width=\u00a0\u00bb94%\u00a0\u00bb max_width_tablet=\u00a0\u00bb80%\u00a0\u00bb max_width_phone=\u00a0\u00bb80%\u00a0\u00bb max_width_last_edited=\u00a0\u00bbon|desktop\u00a0\u00bb custom_margin=\u00a0\u00bb0px||0px|\u00a0\u00bb custom_padding=\u00a0\u00bb0px||0px|\u00a0\u00bb make_fullwidth=\u00a0\u00bbon\u00a0\u00bb global_colors_info=\u00a0\u00bb{}\u00a0\u00bb][et_pb_column type=\u00a0\u00bb4_4&Prime; _builder_version=\u00a0\u00bb4.16&Prime; background_position=\u00a0\u00bbtop_left\u00a0\u00bb custom_padding=\u00a0\u00bb|||\u00a0\u00bb global_colors_info=\u00a0\u00bb{}\u00a0\u00bb custom_padding__hover=\u00a0\u00bb|||\u00a0\u00bb][et_pb_code admin_label=\u00a0\u00bbMapa\u00a0\u00bb _builder_version=\u00a0\u00bb4.23&Prime; hover_enabled=\u00a0\u00bb0&Prime; global_colors_info=\u00a0\u00bb{}\u00a0\u00bb sticky_enabled=\u00a0\u00bb0&Prime;]<div class=\"geodir-wgt-map bsui sdel-ddaeb69b\" ><!--START geodir-map-wrap-->\n<div class=\"geodir-map-wrap geodir-directory-map-wrap 100  overflow-hidden\">\n\t<div id=\"catcher_gd_map_canvas_directory\"><\/div>\n\t<!--START stick_trigger_container-->\n\t<div class=\"stick_trigger_container bsui\">\n\t\t<div class=\"trigger_sticky triggeroff_sticky mt-n5 btn btn-secondary mr-n2 me-n2 c-pointer\" style=\"display: none;\">\n\t\t\t<i class=\"fas fa-map-marked-alt\"><\/i>\n\t\t\t<i class=\"fas fa-angle-right\"><\/i>\n\t\t<\/div>\n\t\t<!--end of stick trigger container-->\n\t\t<div class=\"geodir_map_container gd_map_canvas_directory bsui position-relative mw-100\"\n\t\t     id=\"sticky_map_gd_map_canvas_directory\"\n\t\t     style=\"width:100%;min-height:425px;\">\n\t\t\t<!--END map_background-->\n\t\t\t<div class=\"map_background\">\n\t\t\t\t<div class=\"top_banner_section_in clearfix\">\n\t\t\t\t\t<div class=\"gd_map_canvas_directory_TopLeft TopLeft position-absolute bg-white text-muted rounded-sm rounded-1 shadow-sm m-2 px-1 py-1 h5 c-pointer\" style=\"z-index: 3;\">\n\t\t\t\t\t\t<span class=\"triggermap\" id=\"gd_map_canvas_directory_triggermap\">\n\t\t\t\t\t\t\t<i class=\"fas fa-expand-arrows-alt fa-fw\" aria-hidden=\"true\"><\/i>\n\t\t\t\t\t\t\t<i class=\"fas fa-compress-arrows-alt fa-fw d-none\" aria-hidden=\"true\"><\/i>\n\t\t\t\t\t\t<\/span>\n\t\t\t\t\t<\/div>\n\t\t\t\t\t<div class=\"gd_map_canvas_directory_TopRight TopRight\"><\/div>\n\t\t\t\t\t<div id=\"gd_map_canvas_directory_wrapper\" class=\"main_map_wrapper\" style=\"height:425px;width:100%;\">\n\t\t\t\t\t\t<div class=\"iprelative position-relative\">\n\t\t\t\t\t\t\t<div id=\"gd_map_canvas_directory\" class=\"geodir-map-canvas\" data-map-type=\"directory\" data-map-canvas=\"gd_map_canvas_directory\" style=\"height:425px;width:100%;z-index: 0;\" ><\/div>\n\t\t\t\t\t\t\t<div id=\"gd_map_canvas_directory_loading_div\" class=\"loading_div overlay overlay-black position-absolute row m-0\" style=\"height:425px;width:100%;top:0;z-index: 2;\">\n\t\t\t\t\t\t\t\t<div class=\"spinner-border mx-auto align-self-center text-white\" role=\"status\">\n\t\t\t\t\t\t\t\t\t<span class=\"sr-only visually-hidden\">Loading...<\/span>\n\t\t\t\t\t\t\t\t<\/div>\n\t\t\t\t\t\t\t<\/div>\n\t\t\t\t\t\t\t<div id=\"gd_map_canvas_directory_map_nofound\"\n\t\t\t\t\t\t\t     class=\"advmap_nofound position-absolute row m-0 z-index-1\"\n\t\t\t\t\t\t\t     style=\"display:none;transform: translate(-50%, -50%);top:50%;left:50%;opacity: .85;pointer-events: none;\">\n\t\t\t\t\t\t\t\t<div class=\"alert alert-info text-center mx-auto align-self-center shadow-lg mb-0\">\n\t\t\t\t\t\t\t\t\t<div class='h3 alert-heading'>No Records Found<\/div><p> Sorry, no records were found. Please adjust your search criteria and try again.<\/p>\t\t\t\t\t\t\t\t<\/div>\n\t\t\t\t\t\t\t<\/div>\n\t\t\t\t\t\t\t<div id=\"gd_map_canvas_directory_map_notloaded\"\n\t\t\t\t\t\t\t     class=\"advmap_notloaded position-absolute row m-0 z-index-1\"\n\t\t\t\t\t\t\t     style=\"display:none;transform: translate(-50%, -50%);top:50%;left:50%;opacity: .85;pointer-events: none;\">\n\t\t\t\t\t\t\t\t<div class=\"alert alert-danger text-center mx-auto align-self-center shadow-lg mb-0\">\n\t\t\t\t\t\t\t\t\t<div class='h3 alert-heading'>Maps failed to load<\/div><p> Sorry, unable to load the Maps API.<\/p>\t\t\t\t\t\t\t\t<\/div>\n\t\t\t\t\t\t\t<\/div>\n\t\t\t\t\t\t<\/div>\n\t\t\t\t\t<\/div>\n\t\t\t\t\t<div class=\"gd_map_canvas_directory_BottomLeft BottomLeft\"><\/div>\n\t\t\t\t<\/div>\n\t\t\t<\/div><!--END map_background-->\n\t\t\t\t\t<\/div>\n\t\t<style>.geodir_map_container .poi-info-window .full-width{width:180px;position:relative;margin-left:inherit;left:inherit;}<\/style>\n<script type=\"text\/javascript\">\nwindow.gdBaseLat = 0;\nwindow.gdBaseLng = 0;\nwindow.gdBaseZoom = 0;\njQuery(function ($) {\n\t\t\t\t\tvar gdMapCanvas = 'gd_map_canvas_directory';\n\t\t\tbuild_map_ajax_search_param(gdMapCanvas, false);\t\t\t\t\t\t\t\t\t\t\t\tvar screenH, heightVH, ptypeH = 0;\n\t\t\tscreenH = $(window).height();\n\t\t\theightVH = parseFloat('425');\n\t\t\tif ($(\"#\" + gdMapCanvas + \"_posttype_menu\").length) {\n\t\t\t\tptypeH = $(\"#\" + gdMapCanvas + \"_posttype_menu\").outerHeight();\n\t\t\t}\n\t\t\t$(\"#\" + gdMapCanvas + \"_cat\").css(\"max-height\", heightVH - ptypeH + 'px');\n\t\t\t});\n<\/script>\n\t\t\t<\/div><!--END stick_trigger_container-->\n<\/div><!--END geodir-map-wrap-->\n<style>body.stickymap_hide .stickymap{display:none!important}body.stickymap_hide .stick_trigger_container .fa-angle-right{transform:rotate(180deg)}body.body_fullscreen>.stick_trigger_container{width:100vw;height:100vh;position:fixed;z-index:50000}body.gd-google-maps .geodir-map-wrap .geodir-map-cat-filter-wrap{margin-bottom:14px!important}body.gd-osm-gmaps .geodir-map-wrap .geodir-map-cat-filter-wrap{margin-bottom:16.5px!important}<\/style>\n<\/div>[\/et_pb_code][\/et_pb_column][\/et_pb_row][\/et_pb_section]<\/p>\n","protected":false},"excerpt":{"rendered":"<p>Pour quoi s&rsquo;associer \u00e0 NT2 NT2 offre \u00e0 ses associ\u00e9s les armes n\u00e9cessaires pour pouvoir d\u00e9v\u00e9lopper son entreprise avec les avantages d&rsquo;un gran groupe. LES MEILLEURS PRIX Dans cette situation si comp\u00e9titive, il est essentiel de bien acheter et notre union nous garantit d&rsquo;obtenir les meilleures conditions en: PNEU LUBRIFIANTS PI\u00c8CES DE M\u00c9CANIQUE ET D&rsquo;\u00c9LECTRICIT\u00c9 [&hellip;]<\/p>\n","protected":false},"author":1,"featured_media":0,"parent":0,"menu_order":7,"comment_status":"closed","ping_status":"closed","template":"","meta":{"_et_pb_use_builder":"on","_et_pb_old_content":"","_et_gb_content_width":"","footnotes":""},"yoast_head":"<!-- This site is optimized with the Yoast SEO plugin v21.4 - https:\/\/yoast.com\/wordpress\/plugins\/seo\/ -->\n<title>Professionnels - RED NT2<\/title>\n<meta name=\"robots\" content=\"index, follow, max-snippet:-1, max-image-preview:large, max-video-preview:-1\" \/>\n<link rel=\"canonical\" href=\"https:\/\/www.nt2.es\/fr\/professionnels\/\" \/>\n<meta property=\"og:locale\" content=\"fr_FR\" \/>\n<meta property=\"og:type\" content=\"article\" \/>\n<meta property=\"og:title\" content=\"Professionnels - RED NT2\" \/>\n<meta property=\"og:description\" content=\"Pour quoi s&#039;associer \u00e0 NT2 NT2 offre \u00e0 ses associ\u00e9s les armes n\u00e9cessaires pour pouvoir d\u00e9v\u00e9lopper son entreprise avec les avantages d&#039;un gran groupe. LES MEILLEURS PRIX Dans cette situation si comp\u00e9titive, il est essentiel de bien acheter et notre union nous garantit d&#039;obtenir les meilleures conditions en: PNEU LUBRIFIANTS PI\u00c8CES DE M\u00c9CANIQUE ET D&#039;\u00c9LECTRICIT\u00c9 [&hellip;]\" \/>\n<meta property=\"og:url\" content=\"https:\/\/www.nt2.es\/fr\/professionnels\/\" \/>\n<meta property=\"og:site_name\" content=\"RED NT2\" \/>\n<meta property=\"article:modified_time\" content=\"2023-10-30T09:54:18+00:00\" \/>\n<meta name=\"twitter:card\" content=\"summary_large_image\" \/>\n<meta name=\"twitter:label1\" content=\"Dur\u00e9e de lecture estim\u00e9e\" \/>\n\t<meta name=\"twitter:data1\" content=\"2 minutes\" \/>\n<script type=\"application\/ld+json\" class=\"yoast-schema-graph\">{\"@context\":\"https:\/\/schema.org\",\"@graph\":[{\"@type\":\"WebPage\",\"@id\":\"https:\/\/www.nt2.es\/fr\/professionnels\/\",\"url\":\"https:\/\/www.nt2.es\/fr\/professionnels\/\",\"name\":\"Professionnels - RED NT2\",\"isPartOf\":{\"@id\":\"https:\/\/www.nt2.es\/es\/#website\"},\"datePublished\":\"2017-10-23T09:27:14+00:00\",\"dateModified\":\"2023-10-30T09:54:18+00:00\",\"breadcrumb\":{\"@id\":\"https:\/\/www.nt2.es\/fr\/professionnels\/#breadcrumb\"},\"inLanguage\":\"fr-FR\",\"potentialAction\":[{\"@type\":\"ReadAction\",\"target\":[\"https:\/\/www.nt2.es\/fr\/professionnels\/\"]}]},{\"@type\":\"BreadcrumbList\",\"@id\":\"https:\/\/www.nt2.es\/fr\/professionnels\/#breadcrumb\",\"itemListElement\":[{\"@type\":\"ListItem\",\"position\":1,\"name\":\"Portada\",\"item\":\"https:\/\/www.nt2.es\/fr\/\"},{\"@type\":\"ListItem\",\"position\":2,\"name\":\"Professionnels\"}]},{\"@type\":\"WebSite\",\"@id\":\"https:\/\/www.nt2.es\/es\/#website\",\"url\":\"https:\/\/www.nt2.es\/es\/\",\"name\":\"RED NT2\",\"description\":\"PNEUS Y MAINTENANCE DE LA VOITURE\",\"potentialAction\":[{\"@type\":\"SearchAction\",\"target\":{\"@type\":\"EntryPoint\",\"urlTemplate\":\"https:\/\/www.nt2.es\/es\/?s={search_term_string}\"},\"query-input\":\"required name=search_term_string\"}],\"inLanguage\":\"fr-FR\"}]}<\/script>\n<!-- \/ Yoast SEO plugin. -->","yoast_head_json":{"title":"Professionnels - RED NT2","robots":{"index":"index","follow":"follow","max-snippet":"max-snippet:-1","max-image-preview":"max-image-preview:large","max-video-preview":"max-video-preview:-1"},"canonical":"https:\/\/www.nt2.es\/fr\/professionnels\/","og_locale":"fr_FR","og_type":"article","og_title":"Professionnels - RED NT2","og_description":"Pour quoi s'associer \u00e0 NT2 NT2 offre \u00e0 ses associ\u00e9s les armes n\u00e9cessaires pour pouvoir d\u00e9v\u00e9lopper son entreprise avec les avantages d'un gran groupe. LES MEILLEURS PRIX Dans cette situation si comp\u00e9titive, il est essentiel de bien acheter et notre union nous garantit d'obtenir les meilleures conditions en: PNEU LUBRIFIANTS PI\u00c8CES DE M\u00c9CANIQUE ET D'\u00c9LECTRICIT\u00c9 [&hellip;]","og_url":"https:\/\/www.nt2.es\/fr\/professionnels\/","og_site_name":"RED NT2","article_modified_time":"2023-10-30T09:54:18+00:00","twitter_card":"summary_large_image","twitter_misc":{"Dur\u00e9e de lecture estim\u00e9e":"2 minutes"},"schema":{"@context":"https:\/\/schema.org","@graph":[{"@type":"WebPage","@id":"https:\/\/www.nt2.es\/fr\/professionnels\/","url":"https:\/\/www.nt2.es\/fr\/professionnels\/","name":"Professionnels - RED NT2","isPartOf":{"@id":"https:\/\/www.nt2.es\/es\/#website"},"datePublished":"2017-10-23T09:27:14+00:00","dateModified":"2023-10-30T09:54:18+00:00","breadcrumb":{"@id":"https:\/\/www.nt2.es\/fr\/professionnels\/#breadcrumb"},"inLanguage":"fr-FR","potentialAction":[{"@type":"ReadAction","target":["https:\/\/www.nt2.es\/fr\/professionnels\/"]}]},{"@type":"BreadcrumbList","@id":"https:\/\/www.nt2.es\/fr\/professionnels\/#breadcrumb","itemListElement":[{"@type":"ListItem","position":1,"name":"Portada","item":"https:\/\/www.nt2.es\/fr\/"},{"@type":"ListItem","position":2,"name":"Professionnels"}]},{"@type":"WebSite","@id":"https:\/\/www.nt2.es\/es\/#website","url":"https:\/\/www.nt2.es\/es\/","name":"RED NT2","description":"PNEUS Y MAINTENANCE DE LA VOITURE","potentialAction":[{"@type":"SearchAction","target":{"@type":"EntryPoint","urlTemplate":"https:\/\/www.nt2.es\/es\/?s={search_term_string}"},"query-input":"required name=search_term_string"}],"inLanguage":"fr-FR"}]}},"_links":{"self":[{"href":"https:\/\/www.nt2.es\/fr\/wp-json\/wp\/v2\/pages\/372"}],"collection":[{"href":"https:\/\/www.nt2.es\/fr\/wp-json\/wp\/v2\/pages"}],"about":[{"href":"https:\/\/www.nt2.es\/fr\/wp-json\/wp\/v2\/types\/page"}],"author":[{"embeddable":true,"href":"https:\/\/www.nt2.es\/fr\/wp-json\/wp\/v2\/users\/1"}],"replies":[{"embeddable":true,"href":"https:\/\/www.nt2.es\/fr\/wp-json\/wp\/v2\/comments?post=372"}],"version-history":[{"count":0,"href":"https:\/\/www.nt2.es\/fr\/wp-json\/wp\/v2\/pages\/372\/revisions"}],"wp:attachment":[{"href":"https:\/\/www.nt2.es\/fr\/wp-json\/wp\/v2\/media?parent=372"}],"curies":[{"name":"wp","href":"https:\/\/api.w.org\/{rel}","templated":true}]}}